{"id":42,"date":"2025-03-31T16:06:34","date_gmt":"2025-03-31T16:06:34","guid":{"rendered":"http:\/\/dobrakomunikacja.com\/index.php\/contact\/"},"modified":"2025-11-09T10:30:58","modified_gmt":"2025-11-09T10:30:58","slug":"contact","status":"publish","type":"page","link":"https:\/\/dobrakomunikacja.com\/index.php\/contact\/","title":{"rendered":"KONTAKT"},"content":{"rendered":"\n<h2 class=\"wp-block-heading\">Zr\u00f3b pierwszy krok do porozumienia<\/h2>\n\n\n\n<p><strong>Wiesz ju\u017c, czym si\u0119 kieruj\u0119 \u2013 teraz jestem got\u00f3w\/gotowa, aby us\u0142ysze\u0107 Twoj\u0105 histori\u0119 i Twoje potrzeby.<\/strong><\/p>\n\n\n\n<p>Kontakt ze mn\u0105 to pierwszy, cz\u0119sto najtrudniejszy, ale\u00a0<strong>najwa\u017cniejszy krok<\/strong>\u00a0w kierunku zmiany. Nie musisz mie\u0107 gotowego rozwi\u0105zania ani precyzyjnie nazwanego problemu. Wystarczy, \u017ce czujesz potrzeb\u0119 innej, lepszej komunikacji.<br><\/p>\n\n\n\n<div style=\"height:56px\" aria-hidden=\"true\" class=\"wp-block-spacer\"><\/div>\n\n\n\n<h2 class=\"wp-block-heading has-text-align-center\">\u270d\ufe0f Napisz do Mnie<\/h2>\n\n\n\n<p>Niezale\u017cnie od tego, czy interesuje Ci\u0119\u00a0<strong>szkolenie NVC<\/strong>,\u00a0<strong>mediacja<\/strong>\u00a0dla Twojej rodziny lub firmy, czy\u00a0<strong>indywidualne wsparcie<\/strong>\u00a0\u2013 opisz kr\u00f3tko, co Ci\u0119 do mnie sprowadza. Odpowiem najszybciej, jak to mo\u017cliwe.<\/p>\n\n\n\n<p><strong>Pami\u0119taj:<\/strong>\u00a0Dbam o Twoj\u0105 prywatno\u015b\u0107. Wszystkie wiadomo\u015bci s\u0105 traktowane z pe\u0142nym\u00a0<strong>szacunkiem i poufno\u015bci\u0105<\/strong>.<\/p>\n\n\n\n<div class=\"wp-block-columns is-layout-flex wp-container-core-columns-is-layout-28f84493 wp-block-columns-is-layout-flex\">\n<div class=\"wp-block-column is-layout-flow wp-block-column-is-layout-flow\" style=\"flex-basis:33.33%\">\n<figure class=\"wp-block-image aligncenter size-large is-style-rounded is-style-rounded--1\"><img loading=\"lazy\" decoding=\"async\" width=\"684\" height=\"1024\" src=\"http:\/\/dobrakomunikacja.com\/wp-content\/uploads\/2025\/11\/O_2025_ASIA2_-116-684x1024.jpg\" alt=\"\" class=\"wp-image-86\" srcset=\"https:\/\/dobrakomunikacja.com\/wp-content\/uploads\/2025\/11\/O_2025_ASIA2_-116-684x1024.jpg 684w, https:\/\/dobrakomunikacja.com\/wp-content\/uploads\/2025\/11\/O_2025_ASIA2_-116-200x300.jpg 200w, https:\/\/dobrakomunikacja.com\/wp-content\/uploads\/2025\/11\/O_2025_ASIA2_-116-768x1150.jpg 768w, https:\/\/dobrakomunikacja.com\/wp-content\/uploads\/2025\/11\/O_2025_ASIA2_-116-1026x1536.jpg 1026w, https:\/\/dobrakomunikacja.com\/wp-content\/uploads\/2025\/11\/O_2025_ASIA2_-116-1367x2048.jpg 1367w, https:\/\/dobrakomunikacja.com\/wp-content\/uploads\/2025\/11\/O_2025_ASIA2_-116-scaled.jpg 1709w\" sizes=\"auto, (max-width: 684px) 100vw, 684px\" \/><\/figure>\n<\/div>\n\n\n\n<div class=\"wp-block-column is-layout-flow wp-block-column-is-layout-flow\" style=\"flex-basis:66.66%\">\n<p class=\"has-secondary-color has-text-color has-link-color wp-elements-6f7c9abc57ea9659cbc951b31b0cd746\"><strong>Adres e-mail:<\/strong>\u00a0<strong><a href=\"mailto:lachowiczasia@gmail.com\">lachowiczasia@gmail.com<\/a><\/strong><\/p>\n\n\n\n<p><strong>Formularz kontaktowy<\/strong><em>:<\/em><\/p>\n\n\n\n<div class=\"wp-block-contact-form-7-contact-form-selector\">\n<div class=\"wpcf7 no-js\" id=\"wpcf7-f156-o1\" lang=\"pl-PL\" dir=\"ltr\" data-wpcf7-id=\"156\">\n<div class=\"screen-reader-response\"><p role=\"status\" aria-live=\"polite\" aria-atomic=\"true\"><\/p> <ul><\/ul><\/div>\n<form action=\"\/index.php\/wp-json\/wp\/v2\/pages\/42#wpcf7-f156-o1\" method=\"post\" class=\"wpcf7-form init\" aria-label=\"Formularz kontaktowy\" novalidate=\"novalidate\" data-status=\"init\">\n<fieldset class=\"hidden-fields-container\"><input type=\"hidden\" name=\"_wpcf7\" value=\"156\" \/><input type=\"hidden\" name=\"_wpcf7_version\" value=\"6.1.5\" \/><input type=\"hidden\" name=\"_wpcf7_locale\" value=\"pl_PL\" \/><input type=\"hidden\" name=\"_wpcf7_unit_tag\" value=\"wpcf7-f156-o1\" \/><input type=\"hidden\" name=\"_wpcf7_container_post\" value=\"0\" \/><input type=\"hidden\" name=\"_wpcf7_posted_data_hash\" value=\"\" \/>\n<\/fieldset>\n<p><label> Twoje imi\u0119 i nazwisko<br \/>\n<span class=\"wpcf7-form-control-wrap\" data-name=\"your-name\"><input size=\"40\" maxlength=\"400\" class=\"wpcf7-form-control wpcf7-text wpcf7-validates-as-required\" autocomplete=\"name\" aria-required=\"true\" aria-invalid=\"false\" value=\"\" type=\"text\" name=\"your-name\" \/><\/span> <\/label>\n<\/p>\n<p><label> Tw\u00f3j adres e-mail<br \/>\n<span class=\"wpcf7-form-control-wrap\" data-name=\"your-email\"><input size=\"40\" maxlength=\"400\" class=\"wpcf7-form-control wpcf7-email wpcf7-validates-as-required wpcf7-text wpcf7-validates-as-email\" autocomplete=\"email\" aria-required=\"true\" aria-invalid=\"false\" value=\"\" type=\"email\" name=\"your-email\" \/><\/span> <\/label>\n<\/p>\n<p><label> Temat<br \/>\n<span class=\"wpcf7-form-control-wrap\" data-name=\"your-subject\"><input size=\"40\" maxlength=\"400\" class=\"wpcf7-form-control wpcf7-text wpcf7-validates-as-required\" aria-required=\"true\" aria-invalid=\"false\" value=\"\" type=\"text\" name=\"your-subject\" \/><\/span> <\/label>\n<\/p>\n<p><label> Twoja wiadomo\u015bci (opcjonalne)<br \/>\n<span class=\"wpcf7-form-control-wrap\" data-name=\"your-message\"><textarea cols=\"40\" rows=\"10\" maxlength=\"2000\" class=\"wpcf7-form-control wpcf7-textarea\" aria-invalid=\"false\" name=\"your-message\"><\/textarea><\/span> <\/label>\n<\/p>\n<p><input class=\"wpcf7-form-control wpcf7-submit has-spinner\" type=\"submit\" value=\"Wy\u015blij\" \/>\n<\/p><p style=\"display: none !important;\" class=\"akismet-fields-container\" data-prefix=\"_wpcf7_ak_\"><label>&#916;<textarea name=\"_wpcf7_ak_hp_textarea\" cols=\"45\" rows=\"8\" maxlength=\"100\"><\/textarea><\/label><input type=\"hidden\" id=\"ak_js_1\" name=\"_wpcf7_ak_js\" value=\"112\"\/><script>document.getElementById( \"ak_js_1\" ).setAttribute( \"value\", ( new Date() ).getTime() );<\/script><\/p><div class=\"wpcf7-response-output\" aria-hidden=\"true\"><\/div>\n<\/form>\n<\/div>\n<\/div>\n<\/div>\n<\/div>\n\n\n\n<div style=\"height:20px\" aria-hidden=\"true\" class=\"wp-block-spacer\"><\/div>\n\n\n\n<h3 class=\"wp-block-heading\">\ud83d\udcf1 Skontaktuj si\u0119 Telefonicznie<\/h3>\n\n\n\n<p>Je\u015bli wolisz bezpo\u015bredni\u0105 rozmow\u0119, zadzwo\u0144. Je\u015bli nie odbior\u0119, prawdopodobnie prowadz\u0119 szkolenie lub mediacj\u0119 \u2013 oddzwoni\u0119 do Ciebie w pierwszej wolnej chwili.<\/p>\n\n\n\n<p><strong>Numer telefonu:<\/strong>\u00a0<a href=\"tel:+48534166484\">534-166-484<\/a><\/p>\n\n\n\n<p><strong>Godziny dost\u0119pno\u015bci telefonicznej:<\/strong> wtorek: 15:00-17:00; czwartek: 15:00-17:00<\/p>\n\n\n\n<div style=\"height:50px\" aria-hidden=\"true\" class=\"wp-block-spacer\"><\/div>\n\n\n\n<p><\/p>\n","protected":false},"excerpt":{"rendered":"<p>Zr\u00f3b pierwszy krok do porozumienia Wiesz ju\u017c, czym si\u0119 kieruj\u0119 \u2013 teraz jestem got\u00f3w\/gotowa, aby us\u0142ysze\u0107 Twoj\u0105 histori\u0119 i Twoje potrzeby. Kontakt ze mn\u0105 to pierwszy, cz\u0119sto najtrudniejszy, ale\u00a0najwa\u017cniejszy krok\u00a0w [&hellip;]<\/p>\n","protected":false},"author":1,"featured_media":0,"parent":0,"menu_order":0,"comment_status":"closed","ping_status":"closed","template":"","meta":{"_EventAllDay":false,"_EventTimezone":"","_EventStartDate":"","_EventEndDate":"","_EventStartDateUTC":"","_EventEndDateUTC":"","_EventShowMap":false,"_EventShowMapLink":false,"_EventURL":"","_EventCost":"","_EventCostDescription":"","_EventCurrencySymbol":"","_EventCurrencyCode":"","_EventCurrencyPosition":"","_EventDateTimeSeparator":"","_EventTimeRangeSeparator":"","_EventOrganizerID":[],"_EventVenueID":[],"_OrganizerEmail":"","_OrganizerPhone":"","_OrganizerWebsite":"","_VenueAddress":"","_VenueCity":"","_VenueCountry":"","_VenueProvince":"","_VenueState":"","_VenueZip":"","_VenuePhone":"","_VenueURL":"","_VenueStateProvince":"","_VenueLat":"","_VenueLng":"","_VenueShowMap":false,"_VenueShowMapLink":false,"footnotes":""},"class_list":["post-42","page","type-page","status-publish","hentry"],"yoast_head":"<!-- This site is optimized with the Yoast SEO plugin v26.3 - https:\/\/yoast.com\/wordpress\/plugins\/seo\/ -->\n<title>KONTAKT - Dobra Komunikacja<\/title>\n<meta name=\"robots\" content=\"index, follow, max-snippet:-1, max-image-preview:large, max-video-preview:-1\" \/>\n<link rel=\"canonical\" href=\"https:\/\/dobrakomunikacja.com\/index.php\/contact\/\" \/>\n<meta property=\"og:locale\" content=\"en_US\" \/>\n<meta property=\"og:type\" content=\"article\" \/>\n<meta property=\"og:title\" content=\"KONTAKT - Dobra Komunikacja\" \/>\n<meta property=\"og:description\" content=\"Zr\u00f3b pierwszy krok do porozumienia Wiesz ju\u017c, czym si\u0119 kieruj\u0119 \u2013 teraz jestem got\u00f3w\/gotowa, aby us\u0142ysze\u0107 Twoj\u0105 histori\u0119 i Twoje potrzeby. Kontakt ze mn\u0105 to pierwszy, cz\u0119sto najtrudniejszy, ale\u00a0najwa\u017cniejszy krok\u00a0w [&hellip;]\" \/>\n<meta property=\"og:url\" content=\"https:\/\/dobrakomunikacja.com\/index.php\/contact\/\" \/>\n<meta property=\"og:site_name\" content=\"Dobra Komunikacja\" \/>\n<meta property=\"article:modified_time\" content=\"2025-11-09T10:30:58+00:00\" \/>\n<meta property=\"og:image\" content=\"https:\/\/dobrakomunikacja.com\/wp-content\/uploads\/2025\/11\/O_2025_ASIA2_-116-scaled.jpg\" \/>\n\t<meta property=\"og:image:width\" content=\"1709\" \/>\n\t<meta property=\"og:image:height\" content=\"2560\" \/>\n\t<meta property=\"og:image:type\" content=\"image\/jpeg\" \/>\n<meta name=\"twitter:card\" content=\"summary_large_image\" \/>\n<meta name=\"twitter:label1\" content=\"Est. reading time\" \/>\n\t<meta name=\"twitter:data1\" content=\"2 minutes\" \/>\n<script type=\"application\/ld+json\" class=\"yoast-schema-graph\">{\"@context\":\"https:\/\/schema.org\",\"@graph\":[{\"@type\":\"WebPage\",\"@id\":\"https:\/\/dobrakomunikacja.com\/index.php\/contact\/\",\"url\":\"https:\/\/dobrakomunikacja.com\/index.php\/contact\/\",\"name\":\"KONTAKT - Dobra Komunikacja\",\"isPartOf\":{\"@id\":\"https:\/\/dobrakomunikacja.com\/#website\"},\"primaryImageOfPage\":{\"@id\":\"https:\/\/dobrakomunikacja.com\/index.php\/contact\/#primaryimage\"},\"image\":{\"@id\":\"https:\/\/dobrakomunikacja.com\/index.php\/contact\/#primaryimage\"},\"thumbnailUrl\":\"http:\/\/dobrakomunikacja.com\/wp-content\/uploads\/2025\/11\/O_2025_ASIA2_-116-684x1024.jpg\",\"datePublished\":\"2025-03-31T16:06:34+00:00\",\"dateModified\":\"2025-11-09T10:30:58+00:00\",\"breadcrumb\":{\"@id\":\"https:\/\/dobrakomunikacja.com\/index.php\/contact\/#breadcrumb\"},\"inLanguage\":\"en-US\",\"potentialAction\":[{\"@type\":\"ReadAction\",\"target\":[\"https:\/\/dobrakomunikacja.com\/index.php\/contact\/\"]}]},{\"@type\":\"ImageObject\",\"inLanguage\":\"en-US\",\"@id\":\"https:\/\/dobrakomunikacja.com\/index.php\/contact\/#primaryimage\",\"url\":\"https:\/\/dobrakomunikacja.com\/wp-content\/uploads\/2025\/11\/O_2025_ASIA2_-116-scaled.jpg\",\"contentUrl\":\"https:\/\/dobrakomunikacja.com\/wp-content\/uploads\/2025\/11\/O_2025_ASIA2_-116-scaled.jpg\",\"width\":1709,\"height\":2560},{\"@type\":\"BreadcrumbList\",\"@id\":\"https:\/\/dobrakomunikacja.com\/index.php\/contact\/#breadcrumb\",\"itemListElement\":[{\"@type\":\"ListItem\",\"position\":1,\"name\":\"Strona g\u0142\u00f3wna\",\"item\":\"https:\/\/dobrakomunikacja.com\/\"},{\"@type\":\"ListItem\",\"position\":2,\"name\":\"KONTAKT\"}]},{\"@type\":\"WebSite\",\"@id\":\"https:\/\/dobrakomunikacja.com\/#website\",\"url\":\"https:\/\/dobrakomunikacja.com\/\",\"name\":\"Dobra Komunikacja\",\"description\":\"\",\"potentialAction\":[{\"@type\":\"SearchAction\",\"target\":{\"@type\":\"EntryPoint\",\"urlTemplate\":\"https:\/\/dobrakomunikacja.com\/?s={search_term_string}\"},\"query-input\":{\"@type\":\"PropertyValueSpecification\",\"valueRequired\":true,\"valueName\":\"search_term_string\"}}],\"inLanguage\":\"en-US\"}]}<\/script>\n<!-- \/ Yoast SEO plugin. -->","yoast_head_json":{"title":"KONTAKT - Dobra Komunikacja","robots":{"index":"index","follow":"follow","max-snippet":"max-snippet:-1","max-image-preview":"max-image-preview:large","max-video-preview":"max-video-preview:-1"},"canonical":"https:\/\/dobrakomunikacja.com\/index.php\/contact\/","og_locale":"en_US","og_type":"article","og_title":"KONTAKT - Dobra Komunikacja","og_description":"Zr\u00f3b pierwszy krok do porozumienia Wiesz ju\u017c, czym si\u0119 kieruj\u0119 \u2013 teraz jestem got\u00f3w\/gotowa, aby us\u0142ysze\u0107 Twoj\u0105 histori\u0119 i Twoje potrzeby. Kontakt ze mn\u0105 to pierwszy, cz\u0119sto najtrudniejszy, ale\u00a0najwa\u017cniejszy krok\u00a0w [&hellip;]","og_url":"https:\/\/dobrakomunikacja.com\/index.php\/contact\/","og_site_name":"Dobra Komunikacja","article_modified_time":"2025-11-09T10:30:58+00:00","og_image":[{"width":1709,"height":2560,"url":"https:\/\/dobrakomunikacja.com\/wp-content\/uploads\/2025\/11\/O_2025_ASIA2_-116-scaled.jpg","type":"image\/jpeg"}],"twitter_card":"summary_large_image","twitter_misc":{"Est. reading time":"2 minutes"},"schema":{"@context":"https:\/\/schema.org","@graph":[{"@type":"WebPage","@id":"https:\/\/dobrakomunikacja.com\/index.php\/contact\/","url":"https:\/\/dobrakomunikacja.com\/index.php\/contact\/","name":"KONTAKT - Dobra Komunikacja","isPartOf":{"@id":"https:\/\/dobrakomunikacja.com\/#website"},"primaryImageOfPage":{"@id":"https:\/\/dobrakomunikacja.com\/index.php\/contact\/#primaryimage"},"image":{"@id":"https:\/\/dobrakomunikacja.com\/index.php\/contact\/#primaryimage"},"thumbnailUrl":"http:\/\/dobrakomunikacja.com\/wp-content\/uploads\/2025\/11\/O_2025_ASIA2_-116-684x1024.jpg","datePublished":"2025-03-31T16:06:34+00:00","dateModified":"2025-11-09T10:30:58+00:00","breadcrumb":{"@id":"https:\/\/dobrakomunikacja.com\/index.php\/contact\/#breadcrumb"},"inLanguage":"en-US","potentialAction":[{"@type":"ReadAction","target":["https:\/\/dobrakomunikacja.com\/index.php\/contact\/"]}]},{"@type":"ImageObject","inLanguage":"en-US","@id":"https:\/\/dobrakomunikacja.com\/index.php\/contact\/#primaryimage","url":"https:\/\/dobrakomunikacja.com\/wp-content\/uploads\/2025\/11\/O_2025_ASIA2_-116-scaled.jpg","contentUrl":"https:\/\/dobrakomunikacja.com\/wp-content\/uploads\/2025\/11\/O_2025_ASIA2_-116-scaled.jpg","width":1709,"height":2560},{"@type":"BreadcrumbList","@id":"https:\/\/dobrakomunikacja.com\/index.php\/contact\/#breadcrumb","itemListElement":[{"@type":"ListItem","position":1,"name":"Strona g\u0142\u00f3wna","item":"https:\/\/dobrakomunikacja.com\/"},{"@type":"ListItem","position":2,"name":"KONTAKT"}]},{"@type":"WebSite","@id":"https:\/\/dobrakomunikacja.com\/#website","url":"https:\/\/dobrakomunikacja.com\/","name":"Dobra Komunikacja","description":"","potentialAction":[{"@type":"SearchAction","target":{"@type":"EntryPoint","urlTemplate":"https:\/\/dobrakomunikacja.com\/?s={search_term_string}"},"query-input":{"@type":"PropertyValueSpecification","valueRequired":true,"valueName":"search_term_string"}}],"inLanguage":"en-US"}]}},"_links":{"self":[{"href":"https:\/\/dobrakomunikacja.com\/index.php\/wp-json\/wp\/v2\/pages\/42","targetHints":{"allow":["GET"]}}],"collection":[{"href":"https:\/\/dobrakomunikacja.com\/index.php\/wp-json\/wp\/v2\/pages"}],"about":[{"href":"https:\/\/dobrakomunikacja.com\/index.php\/wp-json\/wp\/v2\/types\/page"}],"author":[{"embeddable":true,"href":"https:\/\/dobrakomunikacja.com\/index.php\/wp-json\/wp\/v2\/users\/1"}],"replies":[{"embeddable":true,"href":"https:\/\/dobrakomunikacja.com\/index.php\/wp-json\/wp\/v2\/comments?post=42"}],"version-history":[{"count":9,"href":"https:\/\/dobrakomunikacja.com\/index.php\/wp-json\/wp\/v2\/pages\/42\/revisions"}],"predecessor-version":[{"id":173,"href":"https:\/\/dobrakomunikacja.com\/index.php\/wp-json\/wp\/v2\/pages\/42\/revisions\/173"}],"wp:attachment":[{"href":"https:\/\/dobrakomunikacja.com\/index.php\/wp-json\/wp\/v2\/media?parent=42"}],"curies":[{"name":"wp","href":"https:\/\/api.w.org\/{rel}","templated":true}]}}