{"id":41,"date":"2025-03-31T16:06:34","date_gmt":"2025-03-31T16:06:34","guid":{"rendered":"http:\/\/dobrakomunikacja.com\/index.php\/contact-us\/"},"modified":"2025-11-09T10:16:16","modified_gmt":"2025-11-09T10:16:16","slug":"contact-us","status":"publish","type":"page","link":"https:\/\/dobrakomunikacja.com\/index.php\/contact-us\/","title":{"rendered":"O mnie"},"content":{"rendered":"\n<p>Nazywam si\u0119 Joanna Lachowicz i jestem&nbsp;<strong>doktorem nauk humanistycznych<\/strong>,&nbsp;<strong>certyfikowanym trenerem Porozumienia bez Przemocy (NVC)<\/strong>,&nbsp;<strong>do\u015bwiadczonym mediatorem<\/strong>&nbsp;oraz&nbsp;<strong>trenerem Komunikacji Spo\u0142ecznej i Treningu Umiej\u0119tno\u015bci Spo\u0142ecznych (TUS)<\/strong>.<\/p>\n\n\n\n<p>Moja praca i \u017cycie codzienne oparte s\u0105 na g\u0142\u0119bokim przekonaniu, \u017ce&nbsp;<strong>ka\u017cdy konflikt jest niewys\u0142uchan\u0105 potrzeb\u0105<\/strong>. W centrum mojego dzia\u0142ania le\u017cy&nbsp;<strong>cz\u0142owiek<\/strong>&nbsp;\u2013 jego emocje, do\u015bwiadczenia i pragnienie bycia us\u0142yszanym.<\/p>\n\n\n\n<div class=\"wp-block-columns is-layout-flex wp-container-core-columns-is-layout-28f84493 wp-block-columns-is-layout-flex\">\n<div class=\"wp-block-column is-layout-flow wp-block-column-is-layout-flow\" style=\"flex-basis:33.33%\">\n<figure class=\"wp-block-image size-large has-custom-border is-style-rounded wp-duotone-unset-2 is-style-rounded--1\" style=\"margin-right:0;margin-left:0\"><img loading=\"lazy\" decoding=\"async\" width=\"684\" height=\"1024\" src=\"http:\/\/dobrakomunikacja.com\/wp-content\/uploads\/2025\/11\/O_2025_ASIA2_-114-684x1024.jpg\" alt=\"\" class=\"wp-image-84\" style=\"border-style:none;border-width:0px;border-radius:12px\" srcset=\"https:\/\/dobrakomunikacja.com\/wp-content\/uploads\/2025\/11\/O_2025_ASIA2_-114-684x1024.jpg 684w, https:\/\/dobrakomunikacja.com\/wp-content\/uploads\/2025\/11\/O_2025_ASIA2_-114-200x300.jpg 200w, https:\/\/dobrakomunikacja.com\/wp-content\/uploads\/2025\/11\/O_2025_ASIA2_-114-768x1151.jpg 768w, https:\/\/dobrakomunikacja.com\/wp-content\/uploads\/2025\/11\/O_2025_ASIA2_-114-1025x1536.jpg 1025w, https:\/\/dobrakomunikacja.com\/wp-content\/uploads\/2025\/11\/O_2025_ASIA2_-114-1367x2048.jpg 1367w, https:\/\/dobrakomunikacja.com\/wp-content\/uploads\/2025\/11\/O_2025_ASIA2_-114-scaled.jpg 1709w\" sizes=\"auto, (max-width: 684px) 100vw, 684px\" \/><\/figure>\n<\/div>\n\n\n\n<div class=\"wp-block-column is-layout-flow wp-block-column-is-layout-flow\" style=\"flex-basis:66.66%\">\n<h2 class=\"wp-block-heading\">Misja i warto\u015bci<\/h2>\n\n\n\n<p>Kieruj\u0119 si\u0119 warto\u015bciami takimi jak&nbsp;<strong>szacunek<\/strong>,&nbsp;<strong>autentyczno\u015b\u0107<\/strong>&nbsp;i&nbsp;<strong>troska o drugiego cz\u0142owieka<\/strong>. Wierz\u0119, \u017ce kluczem do harmonijnych relacji jest&nbsp;<strong>uwa\u017cno\u015b\u0107<\/strong>&nbsp;i&nbsp;<strong>empatia<\/strong>.<\/p>\n\n\n\n<ul class=\"wp-block-list\">\n<li><strong>Uwa\u017cno\u015b\u0107 i s\u0142uchanie:<\/strong>&nbsp;Z pe\u0142n\u0105 obecno\u015bci\u0105 ws\u0142uchuj\u0119 si\u0119 w to, co niewypowiedziane, pomagaj\u0105c dotrze\u0107 do sedna komunikatu.<\/li>\n\n\n\n<li><strong>Empatia:<\/strong>&nbsp;Oferuj\u0119 przestrze\u0144 bezpieczn\u0105, w kt\u00f3rej emocje s\u0105 wska\u017anikiem, a nie przeszkod\u0105. Wiem, jak odczyta\u0107 emocje i przet\u0142umaczy\u0107 je na&nbsp;<strong>prawdziwe, \u017cywe potrzeby<\/strong>.<\/li>\n\n\n\n<li><strong>\u0141\u0105czenie i godzenie:<\/strong>&nbsp;Moim celem nie jest znalezienie winnego, lecz&nbsp;<strong>rozwi\u0105zanie konfliktu<\/strong>, kt\u00f3re uszanuje potrzeby ka\u017cdej ze stron, prowadz\u0105c do g\u0142\u0119bokiego&nbsp;<strong>porozumienia i pojednania<\/strong>.<\/li>\n<\/ul>\n\n\n\n<p>Dzi\u0119ki mojemu do\u015bwiadczeniu i wykszta\u0142ceniu potrafi\u0119 m\u00f3wi\u0107 o&nbsp;<strong>rzeczach trudnych z lekko\u015bci\u0105 i \u0142atwo\u015bci\u0105<\/strong>, zamieniaj\u0105c wzajemne oskar\u017cenia w konstruktywny dialog.<\/p>\n<\/div>\n<\/div>\n\n\n\n<h2 class=\"wp-block-heading\">W jakich obszarach dzia\u0142am?<\/h2>\n\n\n\n<p>Specjalizuj\u0119 si\u0119 w prowadzeniu szkole\u0144, mediacji i warsztat\u00f3w, kt\u00f3re koncentruj\u0105 si\u0119 na budowaniu zdrowej, empatycznej i skutecznej komunikacji:<\/p>\n\n\n\n<div class=\"wp-block-columns is-layout-flex wp-container-core-columns-is-layout-28f84493 wp-block-columns-is-layout-flex\">\n<div class=\"wp-block-column is-layout-flow wp-block-column-is-layout-flow\" style=\"flex-basis:33.33%\">\n<div class=\"wp-block-buttons is-content-justification-right is-layout-flex wp-container-core-buttons-is-layout-fef37bf2 wp-block-buttons-is-layout-flex\" style=\"margin-top:0;margin-bottom:0;padding-top:0;padding-right:0;padding-bottom:0;padding-left:0\">\n<div class=\"wp-block-button\"><a class=\"wp-block-button__link wp-element-button\">TRENINGI NVC<\/a><\/div>\n<\/div>\n<\/div>\n\n\n\n<div class=\"wp-block-column is-layout-flow wp-container-core-column-is-layout-92d440f1 wp-block-column-is-layout-flow\" style=\"padding-top:0;padding-bottom:0;flex-basis:80%\">\n<p>Szkolenia z zakresu Porozumienia bez Przemocy (Marshall B. Rosenberg) \u2013 nauka empatii, wyra\u017cania uczu\u0107 i potrzeb, formu\u0142owania pr\u00f3\u015bb.<\/p>\n<\/div>\n<\/div>\n\n\n\n<div class=\"wp-block-columns is-layout-flex wp-container-core-columns-is-layout-28f84493 wp-block-columns-is-layout-flex\">\n<div class=\"wp-block-column is-layout-flow wp-block-column-is-layout-flow\" style=\"flex-basis:33.33%\">\n<div class=\"wp-block-buttons is-content-justification-right is-layout-flex wp-container-core-buttons-is-layout-fef37bf2 wp-block-buttons-is-layout-flex\" style=\"margin-top:0;margin-bottom:0;padding-top:0;padding-right:0;padding-bottom:0;padding-left:0\">\n<div class=\"wp-block-button\"><a class=\"wp-block-button__link wp-element-button\">MEDIACJE<\/a><\/div>\n<\/div>\n<\/div>\n\n\n\n<div class=\"wp-block-column is-layout-flow wp-container-core-column-is-layout-92d440f1 wp-block-column-is-layout-flow\" style=\"padding-top:0;padding-bottom:0;flex-basis:80%\">\n<p>Rozwi\u0105zywanie konflikt\u00f3w rodzinnych, partnerskich, w miejscu pracy i s\u0105siedzkich. Pomagam stronom us\u0142ysze\u0107 si\u0119 nawzajem i wypracowa\u0107 trwa\u0142e, satysfakcjonuj\u0105ce rozwi\u0105zania<\/p>\n<\/div>\n<\/div>\n\n\n\n<div class=\"wp-block-columns is-layout-flex wp-container-core-columns-is-layout-28f84493 wp-block-columns-is-layout-flex\">\n<div class=\"wp-block-column is-layout-flow wp-block-column-is-layout-flow\" style=\"flex-basis:33.33%\">\n<div class=\"wp-block-buttons is-content-justification-right is-layout-flex wp-container-core-buttons-is-layout-fef37bf2 wp-block-buttons-is-layout-flex\" style=\"margin-top:0;margin-bottom:0;padding-top:0;padding-right:0;padding-bottom:0;padding-left:0\">\n<div class=\"wp-block-button\"><a class=\"wp-block-button__link wp-element-button\">TRENINGI KOMUNIKACJI SPO\u0141ECZNEJ<\/a><\/div>\n<\/div>\n<\/div>\n\n\n\n<div class=\"wp-block-column is-layout-flow wp-container-core-column-is-layout-92d440f1 wp-block-column-is-layout-flow\" style=\"padding-top:0;padding-bottom:0;flex-basis:80%\">\n<p>Rozwijanie umiej\u0119tno\u015bci interpersonalnych, asertywno\u015bci, budowanie relacji opartych na zaufaniu i wzajemnym szacunku.<\/p>\n<\/div>\n<\/div>\n\n\n\n<div class=\"wp-block-columns is-layout-flex wp-container-core-columns-is-layout-28f84493 wp-block-columns-is-layout-flex\">\n<div class=\"wp-block-column is-layout-flow wp-block-column-is-layout-flow\" style=\"flex-basis:33.33%\">\n<div class=\"wp-block-buttons is-content-justification-right is-layout-flex wp-container-core-buttons-is-layout-fef37bf2 wp-block-buttons-is-layout-flex\" style=\"margin-top:0;margin-bottom:0;padding-top:0;padding-right:0;padding-bottom:0;padding-left:0\">\n<div class=\"wp-block-button\"><a class=\"wp-block-button__link wp-element-button\">TRENINGI UMIEJ\u0118TNO\u015aCI SPO\u0141ECZNYCH (TUS)<\/a><\/div>\n<\/div>\n<\/div>\n\n\n\n<div class=\"wp-block-column is-layout-flow wp-container-core-column-is-layout-92d440f1 wp-block-column-is-layout-flow\" style=\"padding-top:0;padding-bottom:0;flex-basis:80%\">\n<p>Warsztaty dla dzieci, m\u0142odzie\u017cy i doros\u0142ych, skupione na praktycznych umiej\u0119tno\u015bciach radzenia sobie z emocjami, stresem i interakcjami spo\u0142ecznymi.<\/p>\n<\/div>\n<\/div>\n\n\n\n<div class=\"wp-block-columns is-layout-flex wp-container-core-columns-is-layout-28f84493 wp-block-columns-is-layout-flex\">\n<div class=\"wp-block-column is-layout-flow wp-block-column-is-layout-flow\" style=\"flex-basis:33.33%\">\n<div class=\"wp-block-buttons is-content-justification-right is-layout-flex wp-container-core-buttons-is-layout-fef37bf2 wp-block-buttons-is-layout-flex\" style=\"margin-top:0;margin-bottom:0;padding-top:0;padding-right:0;padding-bottom:0;padding-left:0\">\n<div class=\"wp-block-button\"><a class=\"wp-block-button__link wp-element-button\">WSPARCIE INDYWIDUALNE\/ COACHING<\/a><\/div>\n<\/div>\n<\/div>\n\n\n\n<div class=\"wp-block-column is-layout-flow wp-container-core-column-is-layout-92d440f1 wp-block-column-is-layout-flow\" style=\"padding-top:0;padding-bottom:0;flex-basis:80%\">\n<p>Praca 1-na-1 nad trudno\u015bciami w komunikacji, wsparcie w odkrywaniu w\u0142asnych potrzeb i skutecznym ich komunikowaniu.<\/p>\n<\/div>\n<\/div>\n\n\n\n<hr class=\"wp-block-separator has-alpha-channel-opacity\"\/>\n\n\n\n<div style=\"height:100px\" aria-hidden=\"true\" class=\"wp-block-spacer\"><\/div>\n\n\n\n<div class=\"wp-block-columns is-layout-flex wp-container-core-columns-is-layout-28f84493 wp-block-columns-is-layout-flex\">\n<div class=\"wp-block-column is-layout-flow wp-block-column-is-layout-flow\" style=\"flex-basis:25%\"><\/div>\n\n\n\n<div class=\"wp-block-column is-layout-flow wp-block-column-is-layout-flow\" style=\"flex-basis:50%\">\n<h2 class=\"wp-block-heading has-text-align-center\">Masz pytania?<\/h2>\n<\/div>\n\n\n\n<div class=\"wp-block-column is-layout-flow wp-block-column-is-layout-flow\" style=\"flex-basis:25%\"><\/div>\n<\/div>\n\n\n\n<div class=\"wp-block-columns is-layout-flex wp-container-core-columns-is-layout-28f84493 wp-block-columns-is-layout-flex\">\n<div class=\"wp-block-column is-layout-flow wp-block-column-is-layout-flow\" style=\"flex-basis:25%\"><\/div>\n\n\n\n<div class=\"wp-block-column is-layout-flow wp-block-column-is-layout-flow\" style=\"flex-basis:50%\">\n<div class=\"wp-block-contact-form-7-contact-form-selector\">\n<div class=\"wpcf7 no-js\" id=\"wpcf7-f156-o1\" lang=\"pl-PL\" dir=\"ltr\" data-wpcf7-id=\"156\">\n<div class=\"screen-reader-response\"><p role=\"status\" aria-live=\"polite\" aria-atomic=\"true\"><\/p> <ul><\/ul><\/div>\n<form action=\"\/index.php\/wp-json\/wp\/v2\/pages\/41#wpcf7-f156-o1\" method=\"post\" class=\"wpcf7-form init\" aria-label=\"Formularz kontaktowy\" novalidate=\"novalidate\" data-status=\"init\">\n<fieldset class=\"hidden-fields-container\"><input type=\"hidden\" name=\"_wpcf7\" value=\"156\" \/><input type=\"hidden\" name=\"_wpcf7_version\" value=\"6.1.5\" \/><input type=\"hidden\" name=\"_wpcf7_locale\" value=\"pl_PL\" \/><input type=\"hidden\" name=\"_wpcf7_unit_tag\" value=\"wpcf7-f156-o1\" \/><input type=\"hidden\" name=\"_wpcf7_container_post\" value=\"0\" \/><input type=\"hidden\" name=\"_wpcf7_posted_data_hash\" value=\"\" \/>\n<\/fieldset>\n<p><label> Twoje imi\u0119 i nazwisko<br \/>\n<span class=\"wpcf7-form-control-wrap\" data-name=\"your-name\"><input size=\"40\" maxlength=\"400\" class=\"wpcf7-form-control wpcf7-text wpcf7-validates-as-required\" autocomplete=\"name\" aria-required=\"true\" aria-invalid=\"false\" value=\"\" type=\"text\" name=\"your-name\" \/><\/span> <\/label>\n<\/p>\n<p><label> Tw\u00f3j adres e-mail<br \/>\n<span class=\"wpcf7-form-control-wrap\" data-name=\"your-email\"><input size=\"40\" maxlength=\"400\" class=\"wpcf7-form-control wpcf7-email wpcf7-validates-as-required wpcf7-text wpcf7-validates-as-email\" autocomplete=\"email\" aria-required=\"true\" aria-invalid=\"false\" value=\"\" type=\"email\" name=\"your-email\" \/><\/span> <\/label>\n<\/p>\n<p><label> Temat<br \/>\n<span class=\"wpcf7-form-control-wrap\" data-name=\"your-subject\"><input size=\"40\" maxlength=\"400\" class=\"wpcf7-form-control wpcf7-text wpcf7-validates-as-required\" aria-required=\"true\" aria-invalid=\"false\" value=\"\" type=\"text\" name=\"your-subject\" \/><\/span> <\/label>\n<\/p>\n<p><label> Twoja wiadomo\u015bci (opcjonalne)<br \/>\n<span class=\"wpcf7-form-control-wrap\" data-name=\"your-message\"><textarea cols=\"40\" rows=\"10\" maxlength=\"2000\" class=\"wpcf7-form-control wpcf7-textarea\" aria-invalid=\"false\" name=\"your-message\"><\/textarea><\/span> <\/label>\n<\/p>\n<p><input class=\"wpcf7-form-control wpcf7-submit has-spinner\" type=\"submit\" value=\"Wy\u015blij\" \/>\n<\/p><p style=\"display: none !important;\" class=\"akismet-fields-container\" data-prefix=\"_wpcf7_ak_\"><label>&#916;<textarea name=\"_wpcf7_ak_hp_textarea\" cols=\"45\" rows=\"8\" maxlength=\"100\"><\/textarea><\/label><input type=\"hidden\" id=\"ak_js_1\" name=\"_wpcf7_ak_js\" value=\"183\"\/><script>document.getElementById( \"ak_js_1\" ).setAttribute( \"value\", ( new Date() ).getTime() );<\/script><\/p><div class=\"wpcf7-response-output\" aria-hidden=\"true\"><\/div>\n<\/form>\n<\/div>\n<\/div>\n<\/div>\n\n\n\n<div class=\"wp-block-column is-layout-flow wp-block-column-is-layout-flow\" style=\"flex-basis:25%\"><\/div>\n<\/div>\n\n\n\n<p><\/p>\n","protected":false},"excerpt":{"rendered":"<p>Nazywam si\u0119 Joanna Lachowicz i jestem&nbsp;doktorem nauk humanistycznych,&nbsp;certyfikowanym trenerem Porozumienia bez Przemocy (NVC),&nbsp;do\u015bwiadczonym mediatorem&nbsp;oraz&nbsp;trenerem Komunikacji Spo\u0142ecznej i Treningu Umiej\u0119tno\u015bci Spo\u0142ecznych (TUS). Moja praca i \u017cycie codzienne oparte s\u0105 na g\u0142\u0119bokim [&hellip;]<\/p>\n","protected":false},"author":1,"featured_media":0,"parent":0,"menu_order":0,"comment_status":"open","ping_status":"closed","template":"","meta":{"_EventAllDay":false,"_EventTimezone":"","_EventStartDate":"","_EventEndDate":"","_EventStartDateUTC":"","_EventEndDateUTC":"","_EventShowMap":false,"_EventShowMapLink":false,"_EventURL":"","_EventCost":"","_EventCostDescription":"","_EventCurrencySymbol":"","_EventCurrencyCode":"","_EventCurrencyPosition":"","_EventDateTimeSeparator":"","_EventTimeRangeSeparator":"","_EventOrganizerID":[],"_EventVenueID":[],"_OrganizerEmail":"","_OrganizerPhone":"","_OrganizerWebsite":"","_VenueAddress":"","_VenueCity":"","_VenueCountry":"","_VenueProvince":"","_VenueState":"","_VenueZip":"","_VenuePhone":"","_VenueURL":"","_VenueStateProvince":"","_VenueLat":"","_VenueLng":"","_VenueShowMap":false,"_VenueShowMapLink":false,"footnotes":""},"class_list":["post-41","page","type-page","status-publish","hentry"],"yoast_head":"<!-- This site is optimized with the Yoast SEO plugin v26.3 - https:\/\/yoast.com\/wordpress\/plugins\/seo\/ -->\n<title>O mnie - Dobra Komunikacja<\/title>\n<meta name=\"robots\" content=\"index, follow, max-snippet:-1, max-image-preview:large, max-video-preview:-1\" \/>\n<link rel=\"canonical\" href=\"https:\/\/dobrakomunikacja.com\/index.php\/contact-us\/\" \/>\n<meta property=\"og:locale\" content=\"en_US\" \/>\n<meta property=\"og:type\" content=\"article\" \/>\n<meta property=\"og:title\" content=\"O mnie - Dobra Komunikacja\" \/>\n<meta property=\"og:description\" content=\"Nazywam si\u0119 Joanna Lachowicz i jestem&nbsp;doktorem nauk humanistycznych,&nbsp;certyfikowanym trenerem Porozumienia bez Przemocy (NVC),&nbsp;do\u015bwiadczonym mediatorem&nbsp;oraz&nbsp;trenerem Komunikacji Spo\u0142ecznej i Treningu Umiej\u0119tno\u015bci Spo\u0142ecznych (TUS). Moja praca i \u017cycie codzienne oparte s\u0105 na g\u0142\u0119bokim [&hellip;]\" \/>\n<meta property=\"og:url\" content=\"https:\/\/dobrakomunikacja.com\/index.php\/contact-us\/\" \/>\n<meta property=\"og:site_name\" content=\"Dobra Komunikacja\" \/>\n<meta property=\"article:modified_time\" content=\"2025-11-09T10:16:16+00:00\" \/>\n<meta property=\"og:image\" content=\"https:\/\/dobrakomunikacja.com\/wp-content\/uploads\/2025\/11\/O_2025_ASIA2_-114-scaled.jpg\" \/>\n\t<meta property=\"og:image:width\" content=\"1709\" \/>\n\t<meta property=\"og:image:height\" content=\"2560\" \/>\n\t<meta property=\"og:image:type\" content=\"image\/jpeg\" \/>\n<meta name=\"twitter:card\" content=\"summary_large_image\" \/>\n<meta name=\"twitter:label1\" content=\"Est. reading time\" \/>\n\t<meta name=\"twitter:data1\" content=\"2 minutes\" \/>\n<script type=\"application\/ld+json\" class=\"yoast-schema-graph\">{\"@context\":\"https:\/\/schema.org\",\"@graph\":[{\"@type\":\"WebPage\",\"@id\":\"https:\/\/dobrakomunikacja.com\/index.php\/contact-us\/\",\"url\":\"https:\/\/dobrakomunikacja.com\/index.php\/contact-us\/\",\"name\":\"O mnie - Dobra Komunikacja\",\"isPartOf\":{\"@id\":\"https:\/\/dobrakomunikacja.com\/#website\"},\"primaryImageOfPage\":{\"@id\":\"https:\/\/dobrakomunikacja.com\/index.php\/contact-us\/#primaryimage\"},\"image\":{\"@id\":\"https:\/\/dobrakomunikacja.com\/index.php\/contact-us\/#primaryimage\"},\"thumbnailUrl\":\"http:\/\/dobrakomunikacja.com\/wp-content\/uploads\/2025\/11\/O_2025_ASIA2_-114-684x1024.jpg\",\"datePublished\":\"2025-03-31T16:06:34+00:00\",\"dateModified\":\"2025-11-09T10:16:16+00:00\",\"breadcrumb\":{\"@id\":\"https:\/\/dobrakomunikacja.com\/index.php\/contact-us\/#breadcrumb\"},\"inLanguage\":\"en-US\",\"potentialAction\":[{\"@type\":\"ReadAction\",\"target\":[\"https:\/\/dobrakomunikacja.com\/index.php\/contact-us\/\"]}]},{\"@type\":\"ImageObject\",\"inLanguage\":\"en-US\",\"@id\":\"https:\/\/dobrakomunikacja.com\/index.php\/contact-us\/#primaryimage\",\"url\":\"https:\/\/dobrakomunikacja.com\/wp-content\/uploads\/2025\/11\/O_2025_ASIA2_-114-scaled.jpg\",\"contentUrl\":\"https:\/\/dobrakomunikacja.com\/wp-content\/uploads\/2025\/11\/O_2025_ASIA2_-114-scaled.jpg\",\"width\":1709,\"height\":2560},{\"@type\":\"BreadcrumbList\",\"@id\":\"https:\/\/dobrakomunikacja.com\/index.php\/contact-us\/#breadcrumb\",\"itemListElement\":[{\"@type\":\"ListItem\",\"position\":1,\"name\":\"Strona g\u0142\u00f3wna\",\"item\":\"https:\/\/dobrakomunikacja.com\/\"},{\"@type\":\"ListItem\",\"position\":2,\"name\":\"O mnie\"}]},{\"@type\":\"WebSite\",\"@id\":\"https:\/\/dobrakomunikacja.com\/#website\",\"url\":\"https:\/\/dobrakomunikacja.com\/\",\"name\":\"Dobra Komunikacja\",\"description\":\"\",\"potentialAction\":[{\"@type\":\"SearchAction\",\"target\":{\"@type\":\"EntryPoint\",\"urlTemplate\":\"https:\/\/dobrakomunikacja.com\/?s={search_term_string}\"},\"query-input\":{\"@type\":\"PropertyValueSpecification\",\"valueRequired\":true,\"valueName\":\"search_term_string\"}}],\"inLanguage\":\"en-US\"}]}<\/script>\n<!-- \/ Yoast SEO plugin. -->","yoast_head_json":{"title":"O mnie - Dobra Komunikacja","robots":{"index":"index","follow":"follow","max-snippet":"max-snippet:-1","max-image-preview":"max-image-preview:large","max-video-preview":"max-video-preview:-1"},"canonical":"https:\/\/dobrakomunikacja.com\/index.php\/contact-us\/","og_locale":"en_US","og_type":"article","og_title":"O mnie - Dobra Komunikacja","og_description":"Nazywam si\u0119 Joanna Lachowicz i jestem&nbsp;doktorem nauk humanistycznych,&nbsp;certyfikowanym trenerem Porozumienia bez Przemocy (NVC),&nbsp;do\u015bwiadczonym mediatorem&nbsp;oraz&nbsp;trenerem Komunikacji Spo\u0142ecznej i Treningu Umiej\u0119tno\u015bci Spo\u0142ecznych (TUS). Moja praca i \u017cycie codzienne oparte s\u0105 na g\u0142\u0119bokim [&hellip;]","og_url":"https:\/\/dobrakomunikacja.com\/index.php\/contact-us\/","og_site_name":"Dobra Komunikacja","article_modified_time":"2025-11-09T10:16:16+00:00","og_image":[{"width":1709,"height":2560,"url":"https:\/\/dobrakomunikacja.com\/wp-content\/uploads\/2025\/11\/O_2025_ASIA2_-114-scaled.jpg","type":"image\/jpeg"}],"twitter_card":"summary_large_image","twitter_misc":{"Est. reading time":"2 minutes"},"schema":{"@context":"https:\/\/schema.org","@graph":[{"@type":"WebPage","@id":"https:\/\/dobrakomunikacja.com\/index.php\/contact-us\/","url":"https:\/\/dobrakomunikacja.com\/index.php\/contact-us\/","name":"O mnie - Dobra Komunikacja","isPartOf":{"@id":"https:\/\/dobrakomunikacja.com\/#website"},"primaryImageOfPage":{"@id":"https:\/\/dobrakomunikacja.com\/index.php\/contact-us\/#primaryimage"},"image":{"@id":"https:\/\/dobrakomunikacja.com\/index.php\/contact-us\/#primaryimage"},"thumbnailUrl":"http:\/\/dobrakomunikacja.com\/wp-content\/uploads\/2025\/11\/O_2025_ASIA2_-114-684x1024.jpg","datePublished":"2025-03-31T16:06:34+00:00","dateModified":"2025-11-09T10:16:16+00:00","breadcrumb":{"@id":"https:\/\/dobrakomunikacja.com\/index.php\/contact-us\/#breadcrumb"},"inLanguage":"en-US","potentialAction":[{"@type":"ReadAction","target":["https:\/\/dobrakomunikacja.com\/index.php\/contact-us\/"]}]},{"@type":"ImageObject","inLanguage":"en-US","@id":"https:\/\/dobrakomunikacja.com\/index.php\/contact-us\/#primaryimage","url":"https:\/\/dobrakomunikacja.com\/wp-content\/uploads\/2025\/11\/O_2025_ASIA2_-114-scaled.jpg","contentUrl":"https:\/\/dobrakomunikacja.com\/wp-content\/uploads\/2025\/11\/O_2025_ASIA2_-114-scaled.jpg","width":1709,"height":2560},{"@type":"BreadcrumbList","@id":"https:\/\/dobrakomunikacja.com\/index.php\/contact-us\/#breadcrumb","itemListElement":[{"@type":"ListItem","position":1,"name":"Strona g\u0142\u00f3wna","item":"https:\/\/dobrakomunikacja.com\/"},{"@type":"ListItem","position":2,"name":"O mnie"}]},{"@type":"WebSite","@id":"https:\/\/dobrakomunikacja.com\/#website","url":"https:\/\/dobrakomunikacja.com\/","name":"Dobra Komunikacja","description":"","potentialAction":[{"@type":"SearchAction","target":{"@type":"EntryPoint","urlTemplate":"https:\/\/dobrakomunikacja.com\/?s={search_term_string}"},"query-input":{"@type":"PropertyValueSpecification","valueRequired":true,"valueName":"search_term_string"}}],"inLanguage":"en-US"}]}},"_links":{"self":[{"href":"https:\/\/dobrakomunikacja.com\/index.php\/wp-json\/wp\/v2\/pages\/41","targetHints":{"allow":["GET"]}}],"collection":[{"href":"https:\/\/dobrakomunikacja.com\/index.php\/wp-json\/wp\/v2\/pages"}],"about":[{"href":"https:\/\/dobrakomunikacja.com\/index.php\/wp-json\/wp\/v2\/types\/page"}],"author":[{"embeddable":true,"href":"https:\/\/dobrakomunikacja.com\/index.php\/wp-json\/wp\/v2\/users\/1"}],"replies":[{"embeddable":true,"href":"https:\/\/dobrakomunikacja.com\/index.php\/wp-json\/wp\/v2\/comments?post=41"}],"version-history":[{"count":6,"href":"https:\/\/dobrakomunikacja.com\/index.php\/wp-json\/wp\/v2\/pages\/41\/revisions"}],"predecessor-version":[{"id":159,"href":"https:\/\/dobrakomunikacja.com\/index.php\/wp-json\/wp\/v2\/pages\/41\/revisions\/159"}],"wp:attachment":[{"href":"https:\/\/dobrakomunikacja.com\/index.php\/wp-json\/wp\/v2\/media?parent=41"}],"curies":[{"name":"wp","href":"https:\/\/api.w.org\/{rel}","templated":true}]}}