{"id":40,"date":"2025-03-31T16:06:34","date_gmt":"2025-03-31T16:06:34","guid":{"rendered":"http:\/\/dobrakomunikacja.com\/index.php\/pages\/"},"modified":"2025-11-09T14:36:05","modified_gmt":"2025-11-09T14:36:05","slug":"mediacje","status":"publish","type":"page","link":"https:\/\/dobrakomunikacja.com\/index.php\/mediacje\/","title":{"rendered":"MEDIACJE"},"content":{"rendered":"\n<h2 class=\"wp-block-heading\">\ud83e\udd1d Tam, gdzie konflikt staje si\u0119 mostem<\/h2>\n\n\n\n<p><strong>Wierz\u0119, \u017ce \u017caden konflikt nie musi ko\u0144czy\u0107 si\u0119 pora\u017ck\u0105. Mo\u017ce by\u0107 szans\u0105 na stworzenie nowego, trwalszego porozumienia.<\/strong><\/p>\n\n\n\n<p>Mediacja to dobrowolny i poufny proces, w kt\u00f3rym, z pomoc\u0105&nbsp;<strong>neutralnego i empatycznego mediatora<\/strong>, strony konfliktu spotykaj\u0105 si\u0119, aby odnale\u017a\u0107&nbsp;<strong>satysfakcjonuj\u0105ce rozwi\u0105zanie<\/strong>. To alternatywa dla d\u0142ugotrwa\u0142ych i wyniszczaj\u0105cych spor\u00f3w s\u0105dowych.<\/p>\n\n\n\n<p>Moja rola jako mediatora, zakorzeniona w filozofii&nbsp;<strong>Porozumienia bez przemocy (NVC)<\/strong>, to nie os\u0105dzanie, lecz&nbsp;<strong>prowadzenie dialogu<\/strong>. Skupiamy si\u0119 nie na tym,&nbsp;<em>kto zawini\u0142<\/em>, lecz na tym,&nbsp;<strong>jakie niezaspokojone potrzeby<\/strong>&nbsp;stoj\u0105 za Waszymi pretensjami.<\/p>\n\n\n\n<div class=\"wp-block-columns is-layout-flex wp-container-core-columns-is-layout-28f84493 wp-block-columns-is-layout-flex\">\n<div class=\"wp-block-column is-layout-flow wp-block-column-is-layout-flow\" style=\"flex-basis:15%\"><\/div>\n\n\n\n<div class=\"wp-block-column is-layout-flow wp-block-column-is-layout-flow\" style=\"flex-basis:50%\">\n<figure class=\"wp-block-pullquote\"><blockquote><p>Pom\u00f3c Wam us\u0142ysze\u0107 to, co niewypowiedziane i wsp\u00f3lnie wypracowa\u0107 rozwi\u0105zanie, kt\u00f3re uszanuje godno\u015b\u0107 i interesy ka\u017cdej ze stron &#8211;<\/p><cite>&#8211; to <strong>moja misja<\/strong><\/cite><\/blockquote><\/figure>\n<\/div>\n\n\n\n<div class=\"wp-block-column is-layout-flow wp-block-column-is-layout-flow\" style=\"flex-basis:15%\"><\/div>\n<\/div>\n\n\n\n<h3 class=\"wp-block-heading\">\ud83d\udd11 Obszary, w kt\u00f3rych pracuj\u0119 jako mediator<\/h3>\n\n\n\n<p>Oferuj\u0119 wsparcie w najbardziej wra\u017cliwych i skomplikowanych sferach \u017cycia, zawsze z zachowaniem pe\u0142nej neutralno\u015bci i poufno\u015bci.<\/p>\n\n\n\n<div class=\"wp-block-columns is-layout-flex wp-container-core-columns-is-layout-28f84493 wp-block-columns-is-layout-flex\">\n<div class=\"wp-block-column is-layout-flow wp-block-column-is-layout-flow\" style=\"flex-basis:33.33%\">\n<h4 class=\"wp-block-heading has-text-1-color has-primary-background-color has-text-color has-background has-link-color wp-elements-5796d8b865fa768e3413c777f890346e\"><strong>1. Mediacje dla Par i Ma\u0142\u017ce\u0144stw: <\/strong>zako\u0144czenie konfliktu, nie relacji rodzicielskiej<\/h4>\n\n\n\n<p class=\"has-background has-small-font-size\" style=\"background-color:#7d2e5fa8\">Gdy wsp\u00f3lna droga si\u0119 ko\u0144czy lub wymaga radykalnej zmiany, pomagam stworzy\u0107&nbsp;<strong>konstruktywne warunki rozstania, rozwodu lub separacji<\/strong>.<\/p>\n<\/div>\n\n\n\n<div class=\"wp-block-column is-layout-flow wp-block-column-is-layout-flow\" style=\"flex-basis:66.66%\">\n<p><strong>Ustalenia rodzicielskie:<\/strong>&nbsp;Wypracowanie planu opieki nad dzie\u0107mi, kt\u00f3ry koncentruje si\u0119 na ich potrzebach i dobru (tzw. Plan Wychowawczy).<\/p>\n\n\n\n<p><strong>Podzia\u0142 maj\u0105tku:<\/strong>&nbsp;Ustalenia dotycz\u0105ce finans\u00f3w i maj\u0105tku w atmosferze szacunku.<\/p>\n\n\n\n<p><strong>Odnawianie komunikacji:<\/strong>&nbsp;Pomoc w przej\u015bciu od partnerstwa do&nbsp;<strong>skutecznej komunikacji jako rodzice<\/strong>&nbsp;(w przypadku rozstania).<\/p>\n<\/div>\n<\/div>\n\n\n\n<div class=\"wp-block-columns is-layout-flex wp-container-core-columns-is-layout-28f84493 wp-block-columns-is-layout-flex\">\n<div class=\"wp-block-column is-layout-flow wp-block-column-is-layout-flow\" style=\"flex-basis:33.33%\"><\/div>\n\n\n\n<div class=\"wp-block-column is-layout-flow wp-block-column-is-layout-flow\" style=\"flex-basis:66.66%\">\n<div class=\"wp-block-buttons is-layout-flex wp-block-buttons-is-layout-flex\">\n<div class=\"wp-block-button\"><a class=\"wp-block-button__link wp-element-button\" href=\"https:\/\/dobrakomunikacja.com\/index.php\/mediacje\/mediacje-dla-par-i-malzenstw\/\">SPRAWD\u0179<\/a><\/div>\n<\/div>\n<\/div>\n<\/div>\n\n\n\n<div style=\"height:25px\" aria-hidden=\"true\" class=\"wp-block-spacer\"><\/div>\n\n\n\n<hr class=\"wp-block-separator has-alpha-channel-opacity\" style=\"margin-top:var(--wp--preset--spacing--20);margin-bottom:var(--wp--preset--spacing--20)\"\/>\n\n\n\n<div class=\"wp-block-columns is-layout-flex wp-container-core-columns-is-layout-28f84493 wp-block-columns-is-layout-flex\">\n<div class=\"wp-block-column is-layout-flow wp-block-column-is-layout-flow\" style=\"flex-basis:33.33%\">\n<h4 class=\"wp-block-heading has-text-1-color has-primary-background-color has-text-color has-background has-link-color wp-elements-f1d2d365d3134bc09e4fb4c342d2d775\"><strong>2. Mediacje w konfliktach gospodarczych i biznesowych: <\/strong>priorytet dla relacji i czasu<\/h4>\n\n\n\n<p class=\"has-background has-small-font-size\" style=\"background-color:#7d2e5fa8\">W \u015bwiecie biznesu czas to pieni\u0105dz, a zachowanie dobrych relacji z partnerami bywa bezcenne. Mediacja gospodarcza pozwala&nbsp;<strong>unikn\u0105\u0107 kosztownych i d\u0142ugotrwa\u0142ych batalii s\u0105dowych<\/strong>.<\/p>\n<\/div>\n\n\n\n<div class=\"wp-block-column is-layout-flow wp-block-column-is-layout-flow\" style=\"flex-basis:66.66%\">\n<p><strong>Spory kontraktowe:<\/strong>&nbsp;Rozstrzyganie nieporozumie\u0144 dotycz\u0105cych um\u00f3w, dostaw i realizacji projekt\u00f3w.<\/p>\n\n\n\n<p><strong>Konflikty mi\u0119dzy wsp\u00f3lnikami:<\/strong>&nbsp;Mediacje, kt\u00f3re maj\u0105 na celu uratowanie sp\u00f3\u0142ki lub wypracowanie godnych warunk\u00f3w rozstania biznesowego.<\/p>\n\n\n\n<p><strong>Napi\u0119cia w zespole:<\/strong>&nbsp;Szybkie interwencje mediacyjne wewn\u0105trz firmy, kt\u00f3re przywracaj\u0105 efektywno\u015b\u0107 i zaufanie.<\/p>\n<\/div>\n<\/div>\n\n\n\n<div class=\"wp-block-columns is-layout-flex wp-container-core-columns-is-layout-28f84493 wp-block-columns-is-layout-flex\">\n<div class=\"wp-block-column is-layout-flow wp-block-column-is-layout-flow\" style=\"flex-basis:33.33%\"><\/div>\n\n\n\n<div class=\"wp-block-column is-layout-flow wp-block-column-is-layout-flow\" style=\"flex-basis:66.66%\">\n<div class=\"wp-block-buttons is-layout-flex wp-block-buttons-is-layout-flex\">\n<div class=\"wp-block-button\"><a class=\"wp-block-button__link wp-element-button\" href=\"https:\/\/dobrakomunikacja.com\/index.php\/mediacje\/mediacje-w-konflikcie-gospodarczym\/\">SPRAWD\u0179<\/a><\/div>\n<\/div>\n<\/div>\n<\/div>\n\n\n\n<div style=\"height:25px\" aria-hidden=\"true\" class=\"wp-block-spacer\"><\/div>\n\n\n\n<hr class=\"wp-block-separator has-alpha-channel-opacity\" style=\"margin-top:var(--wp--preset--spacing--20);margin-bottom:var(--wp--preset--spacing--20)\"\/>\n\n\n\n<div class=\"wp-block-columns is-layout-flex wp-container-core-columns-is-layout-28f84493 wp-block-columns-is-layout-flex\">\n<div class=\"wp-block-column is-layout-flow wp-block-column-is-layout-flow\" style=\"flex-basis:33.33%\">\n<h4 class=\"wp-block-heading has-text-1-color has-primary-background-color has-text-color has-background has-link-color wp-elements-fa583469743cc6ee2744a431299a60c7\"><strong>3. Mediacje w ka\u017cdej sytuacji konfliktowej<\/strong><\/h4>\n\n\n\n<p class=\"has-background has-small-font-size\" style=\"background-color:#7d2e5fa8\">Konflikty s\u0105 nieod\u0142\u0105czn\u0105 cz\u0119\u015bci\u0105 \u017cycia \u2013 pomagam w ka\u017cdej sytuacji, w kt\u00f3rej pojawia si\u0119 potrzeba dialogu i rozwi\u0105zania sporu.<\/p>\n<\/div>\n\n\n\n<div class=\"wp-block-column is-layout-flow wp-block-column-is-layout-flow\" style=\"flex-basis:66.66%\">\n<p><strong>Rodzinne i spadkowe:<\/strong>&nbsp;Spory dotycz\u0105ce maj\u0105tku, opieki nad starszymi cz\u0142onkami rodziny czy nieporozumie\u0144 mi\u0119dzypokoleniowych.<\/p>\n\n\n\n<p><strong>S\u0105siedzkie i spo\u0142eczne:<\/strong>&nbsp;Rozwi\u0105zywanie konflikt\u00f3w dotycz\u0105cych granic, ha\u0142asu czy wsp\u00f3lnego u\u017cytkowania przestrzeni.<\/p>\n\n\n\n<p><strong>Szkolne i edukacyjne:<\/strong>&nbsp;Mediacje mi\u0119dzy uczniami, rodzicami a szko\u0142\u0105.<\/p>\n<\/div>\n<\/div>\n\n\n\n<div class=\"wp-block-columns is-layout-flex wp-container-core-columns-is-layout-28f84493 wp-block-columns-is-layout-flex\">\n<div class=\"wp-block-column is-layout-flow wp-block-column-is-layout-flow\" style=\"flex-basis:33.33%\"><\/div>\n\n\n\n<div class=\"wp-block-column is-layout-flow wp-block-column-is-layout-flow\" style=\"flex-basis:66.66%\">\n<div class=\"wp-block-buttons is-layout-flex wp-block-buttons-is-layout-flex\">\n<div class=\"wp-block-button\"><a class=\"wp-block-button__link wp-element-button\" href=\"https:\/\/dobrakomunikacja.com\/index.php\/mediacje\/mediacje-w-kazdej-sytuacji-konfliktowej\/\">SPRAWD\u0179<\/a><\/div>\n<\/div>\n<\/div>\n<\/div>\n\n\n\n<div style=\"height:25px\" aria-hidden=\"true\" class=\"wp-block-spacer\"><\/div>\n","protected":false},"excerpt":{"rendered":"<p>\ud83e\udd1d Tam, gdzie konflikt staje si\u0119 mostem Wierz\u0119, \u017ce \u017caden konflikt nie musi ko\u0144czy\u0107 si\u0119 pora\u017ck\u0105. Mo\u017ce by\u0107 szans\u0105 na stworzenie nowego, trwalszego porozumienia. Mediacja to dobrowolny i poufny proces, [&hellip;]<\/p>\n","protected":false},"author":1,"featured_media":0,"parent":0,"menu_order":0,"comment_status":"closed","ping_status":"closed","template":"","meta":{"_EventAllDay":false,"_EventTimezone":"","_EventStartDate":"","_EventEndDate":"","_EventStartDateUTC":"","_EventEndDateUTC":"","_EventShowMap":false,"_EventShowMapLink":false,"_EventURL":"","_EventCost":"","_EventCostDescription":"","_EventCurrencySymbol":"","_EventCurrencyCode":"","_EventCurrencyPosition":"","_EventDateTimeSeparator":"","_EventTimeRangeSeparator":"","_EventOrganizerID":[],"_EventVenueID":[],"_OrganizerEmail":"","_OrganizerPhone":"","_OrganizerWebsite":"","_VenueAddress":"","_VenueCity":"","_VenueCountry":"","_VenueProvince":"","_VenueState":"","_VenueZip":"","_VenuePhone":"","_VenueURL":"","_VenueStateProvince":"","_VenueLat":"","_VenueLng":"","_VenueShowMap":false,"_VenueShowMapLink":false,"footnotes":""},"class_list":["post-40","page","type-page","status-publish","hentry"],"yoast_head":"<!-- This site is optimized with the Yoast SEO plugin v26.3 - https:\/\/yoast.com\/wordpress\/plugins\/seo\/ -->\n<title>MEDIACJE - Dobra Komunikacja<\/title>\n<meta name=\"robots\" content=\"index, follow, max-snippet:-1, max-image-preview:large, max-video-preview:-1\" \/>\n<link rel=\"canonical\" href=\"https:\/\/dobrakomunikacja.com\/index.php\/mediacje\/\" \/>\n<meta property=\"og:locale\" content=\"en_US\" \/>\n<meta property=\"og:type\" content=\"article\" \/>\n<meta property=\"og:title\" content=\"MEDIACJE - Dobra Komunikacja\" \/>\n<meta property=\"og:description\" content=\"\ud83e\udd1d Tam, gdzie konflikt staje si\u0119 mostem Wierz\u0119, \u017ce \u017caden konflikt nie musi ko\u0144czy\u0107 si\u0119 pora\u017ck\u0105. Mo\u017ce by\u0107 szans\u0105 na stworzenie nowego, trwalszego porozumienia. Mediacja to dobrowolny i poufny proces, [&hellip;]\" \/>\n<meta property=\"og:url\" content=\"https:\/\/dobrakomunikacja.com\/index.php\/mediacje\/\" \/>\n<meta property=\"og:site_name\" content=\"Dobra Komunikacja\" \/>\n<meta property=\"article:modified_time\" content=\"2025-11-09T14:36:05+00:00\" \/>\n<meta name=\"twitter:card\" content=\"summary_large_image\" \/>\n<meta name=\"twitter:label1\" content=\"Est. reading time\" \/>\n\t<meta name=\"twitter:data1\" content=\"2 minutes\" \/>\n<script type=\"application\/ld+json\" class=\"yoast-schema-graph\">{\"@context\":\"https:\/\/schema.org\",\"@graph\":[{\"@type\":\"WebPage\",\"@id\":\"https:\/\/dobrakomunikacja.com\/index.php\/mediacje\/\",\"url\":\"https:\/\/dobrakomunikacja.com\/index.php\/mediacje\/\",\"name\":\"MEDIACJE - Dobra Komunikacja\",\"isPartOf\":{\"@id\":\"https:\/\/dobrakomunikacja.com\/#website\"},\"datePublished\":\"2025-03-31T16:06:34+00:00\",\"dateModified\":\"2025-11-09T14:36:05+00:00\",\"breadcrumb\":{\"@id\":\"https:\/\/dobrakomunikacja.com\/index.php\/mediacje\/#breadcrumb\"},\"inLanguage\":\"en-US\",\"potentialAction\":[{\"@type\":\"ReadAction\",\"target\":[\"https:\/\/dobrakomunikacja.com\/index.php\/mediacje\/\"]}]},{\"@type\":\"BreadcrumbList\",\"@id\":\"https:\/\/dobrakomunikacja.com\/index.php\/mediacje\/#breadcrumb\",\"itemListElement\":[{\"@type\":\"ListItem\",\"position\":1,\"name\":\"Strona g\u0142\u00f3wna\",\"item\":\"https:\/\/dobrakomunikacja.com\/\"},{\"@type\":\"ListItem\",\"position\":2,\"name\":\"MEDIACJE\"}]},{\"@type\":\"WebSite\",\"@id\":\"https:\/\/dobrakomunikacja.com\/#website\",\"url\":\"https:\/\/dobrakomunikacja.com\/\",\"name\":\"Dobra Komunikacja\",\"description\":\"\",\"potentialAction\":[{\"@type\":\"SearchAction\",\"target\":{\"@type\":\"EntryPoint\",\"urlTemplate\":\"https:\/\/dobrakomunikacja.com\/?s={search_term_string}\"},\"query-input\":{\"@type\":\"PropertyValueSpecification\",\"valueRequired\":true,\"valueName\":\"search_term_string\"}}],\"inLanguage\":\"en-US\"}]}<\/script>\n<!-- \/ Yoast SEO plugin. -->","yoast_head_json":{"title":"MEDIACJE - Dobra Komunikacja","robots":{"index":"index","follow":"follow","max-snippet":"max-snippet:-1","max-image-preview":"max-image-preview:large","max-video-preview":"max-video-preview:-1"},"canonical":"https:\/\/dobrakomunikacja.com\/index.php\/mediacje\/","og_locale":"en_US","og_type":"article","og_title":"MEDIACJE - Dobra Komunikacja","og_description":"\ud83e\udd1d Tam, gdzie konflikt staje si\u0119 mostem Wierz\u0119, \u017ce \u017caden konflikt nie musi ko\u0144czy\u0107 si\u0119 pora\u017ck\u0105. Mo\u017ce by\u0107 szans\u0105 na stworzenie nowego, trwalszego porozumienia. Mediacja to dobrowolny i poufny proces, [&hellip;]","og_url":"https:\/\/dobrakomunikacja.com\/index.php\/mediacje\/","og_site_name":"Dobra Komunikacja","article_modified_time":"2025-11-09T14:36:05+00:00","twitter_card":"summary_large_image","twitter_misc":{"Est. reading time":"2 minutes"},"schema":{"@context":"https:\/\/schema.org","@graph":[{"@type":"WebPage","@id":"https:\/\/dobrakomunikacja.com\/index.php\/mediacje\/","url":"https:\/\/dobrakomunikacja.com\/index.php\/mediacje\/","name":"MEDIACJE - Dobra Komunikacja","isPartOf":{"@id":"https:\/\/dobrakomunikacja.com\/#website"},"datePublished":"2025-03-31T16:06:34+00:00","dateModified":"2025-11-09T14:36:05+00:00","breadcrumb":{"@id":"https:\/\/dobrakomunikacja.com\/index.php\/mediacje\/#breadcrumb"},"inLanguage":"en-US","potentialAction":[{"@type":"ReadAction","target":["https:\/\/dobrakomunikacja.com\/index.php\/mediacje\/"]}]},{"@type":"BreadcrumbList","@id":"https:\/\/dobrakomunikacja.com\/index.php\/mediacje\/#breadcrumb","itemListElement":[{"@type":"ListItem","position":1,"name":"Strona g\u0142\u00f3wna","item":"https:\/\/dobrakomunikacja.com\/"},{"@type":"ListItem","position":2,"name":"MEDIACJE"}]},{"@type":"WebSite","@id":"https:\/\/dobrakomunikacja.com\/#website","url":"https:\/\/dobrakomunikacja.com\/","name":"Dobra Komunikacja","description":"","potentialAction":[{"@type":"SearchAction","target":{"@type":"EntryPoint","urlTemplate":"https:\/\/dobrakomunikacja.com\/?s={search_term_string}"},"query-input":{"@type":"PropertyValueSpecification","valueRequired":true,"valueName":"search_term_string"}}],"inLanguage":"en-US"}]}},"_links":{"self":[{"href":"https:\/\/dobrakomunikacja.com\/index.php\/wp-json\/wp\/v2\/pages\/40","targetHints":{"allow":["GET"]}}],"collection":[{"href":"https:\/\/dobrakomunikacja.com\/index.php\/wp-json\/wp\/v2\/pages"}],"about":[{"href":"https:\/\/dobrakomunikacja.com\/index.php\/wp-json\/wp\/v2\/types\/page"}],"author":[{"embeddable":true,"href":"https:\/\/dobrakomunikacja.com\/index.php\/wp-json\/wp\/v2\/users\/1"}],"replies":[{"embeddable":true,"href":"https:\/\/dobrakomunikacja.com\/index.php\/wp-json\/wp\/v2\/comments?post=40"}],"version-history":[{"count":4,"href":"https:\/\/dobrakomunikacja.com\/index.php\/wp-json\/wp\/v2\/pages\/40\/revisions"}],"predecessor-version":[{"id":249,"href":"https:\/\/dobrakomunikacja.com\/index.php\/wp-json\/wp\/v2\/pages\/40\/revisions\/249"}],"wp:attachment":[{"href":"https:\/\/dobrakomunikacja.com\/index.php\/wp-json\/wp\/v2\/media?parent=40"}],"curies":[{"name":"wp","href":"https:\/\/api.w.org\/{rel}","templated":true}]}}