{"id":37,"date":"2025-03-31T16:06:34","date_gmt":"2025-03-31T16:06:34","guid":{"rendered":"http:\/\/dobrakomunikacja.com\/index.php\/about\/"},"modified":"2025-11-09T14:24:53","modified_gmt":"2025-11-09T14:24:53","slug":"konsultacje","status":"publish","type":"page","link":"https:\/\/dobrakomunikacja.com\/index.php\/konsultacje\/","title":{"rendered":"Konsultacje indywidualne"},"content":{"rendered":"\n<h2 class=\"wp-block-heading\">\ud83d\udde3\ufe0f Twoja droga do skutecznej komunikacji<\/h2>\n\n\n\n<p><strong>Masz problem komunikacyjny? Trudny mail do napisania? Jeste\u015b skonfliktowany\/a i nie wiesz, jak sobie z tym poradzi\u0107? Zapraszam po narz\u0119dzia!<\/strong><\/p>\n\n\n\n<p>Wierz\u0119, \u017ce g\u0142\u0119bokie zrozumienie i klarowna komunikacja to umiej\u0119tno\u015bci, kt\u00f3rych mo\u017cna si\u0119 nauczy\u0107. Konsultacje indywidualne to&nbsp;<strong>bezpieczna, poufna przestrze\u0144<\/strong>, w kt\u00f3rej skupiamy si\u0119 wy\u0142\u0105cznie na&nbsp;<strong>Twoim wyzwaniu<\/strong>&nbsp;i Twoich potrzebach. Nie jest to terapia, lecz&nbsp;<strong>praktyczny trening<\/strong>&nbsp;i&nbsp;<strong>wsparcie w kryzysie komunikacyjnym<\/strong>.<\/p>\n\n\n\n<p>Wsp\u00f3lnie przeanalizujemy sytuacj\u0119, odczytamy emocje i dotrzemy do kluczowych potrzeb \u2013 zar\u00f3wno Twoich, jak i drugiej strony konfliktu.<\/p>\n\n\n\n<hr class=\"wp-block-separator has-alpha-channel-opacity\" style=\"margin-top:var(--wp--preset--spacing--30);margin-bottom:var(--wp--preset--spacing--30)\"\/>\n\n\n\n<h3 class=\"wp-block-heading\">\ud83d\udee0\ufe0f Jak mog\u0119 Ci pom\u00f3c? Obszary konsultacji<\/h3>\n\n\n\n<p>Konsultacje s\u0105 idealne, gdy potrzebujesz szybkiego, ukierunkowanego wsparcia w konkretnym, pal\u0105cym problemie:<\/p>\n\n\n\n<div class=\"wp-block-buttons is-layout-flex wp-container-core-buttons-is-layout-168ce233 wp-block-buttons-is-layout-flex\">\n<div class=\"wp-block-button has-custom-width wp-block-button__width-75 is-style-fill\"><a class=\"wp-block-button__link has-text-align-left wp-element-button\" style=\"border-radius:5px\">1. Rozbrajanie konflikt\u00f3w interpersonalnych<\/a><\/div>\n<\/div>\n\n\n\n<ul class=\"wp-block-list\">\n<li><strong>Analiza sytuacji:<\/strong>&nbsp;Pomagam Ci roz\u0142o\u017cy\u0107 konflikt na czynniki pierwsze, identyfikuj\u0105c emocje i potrzeby stoj\u0105ce za z\u0142o\u015bci\u0105 lub poczuciem krzywdy.<\/li>\n\n\n\n<li><strong>Strategie reakcji:<\/strong>\u00a0Wypracowanie empatycznych i asertywnych sposob\u00f3w reagowania na ataki, krytyk\u0119 lub pasywn\u0105 agresj\u0119.<\/li>\n<\/ul>\n\n\n\n<div style=\"height:8px\" aria-hidden=\"true\" class=\"wp-block-spacer\"><\/div>\n\n\n\n<div class=\"wp-block-buttons is-layout-flex wp-block-buttons-is-layout-flex\">\n<div class=\"wp-block-button has-custom-width wp-block-button__width-75\"><a class=\"wp-block-button__link has-text-align-left wp-element-button\" style=\"border-radius:5px\">2. Przygotowanie do trudnej rozmowy<\/a><\/div>\n<\/div>\n\n\n\n<ul class=\"wp-block-list\">\n<li><strong>Scenariusz rozmowy:<\/strong>&nbsp;Wsp\u00f3lnie przygotowujemy krok po kroku, jak przeprowadzi\u0107 kluczow\u0105 rozmow\u0119 (np. z szefem, partnerem, rodzicem, trudnym klientem).<\/li>\n\n\n\n<li><strong>Formu\u0142owanie pr\u00f3\u015bb:<\/strong>\u00a0Uczymy si\u0119, jak klarownie wyrazi\u0107 swoje oczekiwania i pro\u015bby w taki spos\u00f3b, aby mia\u0142y najwi\u0119ksz\u0105 szans\u0119 na wys\u0142uchanie.<\/li>\n<\/ul>\n\n\n\n<div style=\"height:8px\" aria-hidden=\"true\" class=\"wp-block-spacer\"><\/div>\n\n\n\n<div class=\"wp-block-buttons is-layout-flex wp-block-buttons-is-layout-flex\">\n<div class=\"wp-block-button has-custom-width wp-block-button__width-75\"><a class=\"wp-block-button__link has-text-align-left wp-element-button\" style=\"border-radius:5px\">3. Pisemna komunikacja empatyczna<\/a><\/div>\n<\/div>\n\n\n\n<ul class=\"wp-block-list\">\n<li><strong>Trudne maile i pisma:<\/strong>&nbsp;Pomagam w redagowaniu s\u0142u\u017cbowych maili, formalnych pism czy wiadomo\u015bci prywatnych, kt\u00f3re musz\u0105 by\u0107 jednocze\u015bnie&nbsp;<strong>asertywne<\/strong>&nbsp;i&nbsp;<strong>empatyczne<\/strong>.<\/li>\n\n\n\n<li><strong>Zarz\u0105dzanie skargami:<\/strong>&nbsp;Uczenie si\u0119, jak odpowiada\u0107 na pretensje i skargi, by przywr\u00f3ci\u0107 zaufanie i unikn\u0105\u0107 eskalacji.<\/li>\n<\/ul>\n\n\n\n<div style=\"height:8px\" aria-hidden=\"true\" class=\"wp-block-spacer\"><\/div>\n\n\n\n<div class=\"wp-block-buttons is-layout-flex wp-block-buttons-is-layout-flex\">\n<div class=\"wp-block-button has-custom-width wp-block-button__width-75\"><a class=\"wp-block-button__link has-text-align-left wp-element-button\" style=\"border-radius:5px\">4. Wzmacnianie asertywno\u015bci osobistej<\/a><\/div>\n<\/div>\n\n\n\n<ul class=\"wp-block-list\">\n<li><strong>Stawianie granic:<\/strong>&nbsp;Odkrywanie, jakie s\u0105 Twoje granice i jak je komunikowa\u0107 z szacunkiem do siebie i innych, bez poczucia winy.<\/li>\n\n\n\n<li><strong>Dbanie o w\u0142asne zasoby:<\/strong>\u00a0Identyfikacja w\u0142asnych potrzeb i tworzenie realnych plan\u00f3w ich zaspokajania, minimalizuj\u0105c ryzyko wypalenia.<\/li>\n<\/ul>\n\n\n\n<hr class=\"wp-block-separator has-alpha-channel-opacity\" style=\"margin-top:var(--wp--preset--spacing--30);margin-bottom:var(--wp--preset--spacing--30)\"\/>\n\n\n\n<ul class=\"wp-block-list\"><\/ul>\n\n\n\n<h3 class=\"wp-block-heading\">\ud83d\udcac Jak wygl\u0105da konsultacja?<\/h3>\n\n\n\n<ol start=\"1\" class=\"wp-block-list\">\n<li><strong>Spotkanie (Online\/Stacjonarnie):<\/strong>&nbsp;Umawiamy si\u0119 na dogodny dla Ciebie termin. Konsultacje s\u0105 elastyczne.<\/li>\n\n\n\n<li><strong>Uwa\u017cne wys\u0142uchanie:<\/strong>&nbsp;Zaczynamy od tego, co jest dla Ciebie najwa\u017cniejsze. W pe\u0142ni si\u0119 na Tobie koncentruj\u0119.<\/li>\n\n\n\n<li><strong>Diagnoza NVC:<\/strong>&nbsp;Identyfikujemy uczucia i potrzeby stoj\u0105ce za problemem.<\/li>\n\n\n\n<li><strong>Narz\u0119dzia i \u0107wiczenia:<\/strong>&nbsp;Otrzymujesz konkretne, praktyczne narz\u0119dzia, kt\u00f3re mo\u017cesz zastosowa\u0107&nbsp;<strong>od razu<\/strong>&nbsp;po wyj\u015bciu ze spotkania.<\/li>\n<\/ol>\n\n\n\n<hr class=\"wp-block-separator has-alpha-channel-opacity\"\/>\n\n\n\n<p><strong>Nie musisz czeka\u0107, a\u017c konflikt uro\u015bnie do rangi kryzysu.<\/strong><\/p>\n\n\n\n<p><strong>Skontaktuj si\u0119 ze mn\u0105 i odzyskaj kontrol\u0119 nad swoj\u0105 komunikacj\u0105!<\/strong><\/p>\n\n\n\n<div class=\"wp-block-cover has-custom-content-position is-position-top-left wp-duotone-unset-1\" style=\"min-height:185px;aspect-ratio:unset;\"><img loading=\"lazy\" decoding=\"async\" width=\"1024\" height=\"684\" class=\"wp-block-cover__image-background wp-image-99 size-large\" alt=\"\" src=\"https:\/\/dobrakomunikacja.com\/wp-content\/uploads\/2025\/11\/O_2025_ASIA2_-135-1024x684.jpg\" style=\"object-position:50% 20%\" data-object-fit=\"cover\" data-object-position=\"50% 20%\" srcset=\"https:\/\/dobrakomunikacja.com\/wp-content\/uploads\/2025\/11\/O_2025_ASIA2_-135-1024x684.jpg 1024w, https:\/\/dobrakomunikacja.com\/wp-content\/uploads\/2025\/11\/O_2025_ASIA2_-135-300x200.jpg 300w, https:\/\/dobrakomunikacja.com\/wp-content\/uploads\/2025\/11\/O_2025_ASIA2_-135-768x513.jpg 768w, https:\/\/dobrakomunikacja.com\/wp-content\/uploads\/2025\/11\/O_2025_ASIA2_-135-1536x1025.jpg 1536w, https:\/\/dobrakomunikacja.com\/wp-content\/uploads\/2025\/11\/O_2025_ASIA2_-135-2048x1367.jpg 2048w\" sizes=\"auto, (max-width: 1024px) 100vw, 1024px\" \/><span aria-hidden=\"true\" class=\"wp-block-cover__background has-primary-background-color has-background-dim\"><\/span><div class=\"wp-block-cover__inner-container is-layout-flow wp-block-cover-is-layout-flow\">\n<p class=\"has-text-align-center has-large-font-size\"><\/p>\n<\/div><\/div>\n","protected":false},"excerpt":{"rendered":"<p>\ud83d\udde3\ufe0f Twoja droga do skutecznej komunikacji Masz problem komunikacyjny? Trudny mail do napisania? Jeste\u015b skonfliktowany\/a i nie wiesz, jak sobie z tym poradzi\u0107? Zapraszam po narz\u0119dzia! Wierz\u0119, \u017ce g\u0142\u0119bokie zrozumienie [&hellip;]<\/p>\n","protected":false},"author":1,"featured_media":0,"parent":0,"menu_order":0,"comment_status":"closed","ping_status":"closed","template":"","meta":{"_EventAllDay":false,"_EventTimezone":"","_EventStartDate":"","_EventEndDate":"","_EventStartDateUTC":"","_EventEndDateUTC":"","_EventShowMap":false,"_EventShowMapLink":false,"_EventURL":"","_EventCost":"","_EventCostDescription":"","_EventCurrencySymbol":"","_EventCurrencyCode":"","_EventCurrencyPosition":"","_EventDateTimeSeparator":"","_EventTimeRangeSeparator":"","_EventOrganizerID":[],"_EventVenueID":[],"_OrganizerEmail":"","_OrganizerPhone":"","_OrganizerWebsite":"","_VenueAddress":"","_VenueCity":"","_VenueCountry":"","_VenueProvince":"","_VenueState":"","_VenueZip":"","_VenuePhone":"","_VenueURL":"","_VenueStateProvince":"","_VenueLat":"","_VenueLng":"","_VenueShowMap":false,"_VenueShowMapLink":false,"footnotes":""},"class_list":["post-37","page","type-page","status-publish","hentry"],"yoast_head":"<!-- This site is optimized with the Yoast SEO plugin v26.3 - https:\/\/yoast.com\/wordpress\/plugins\/seo\/ -->\n<title>Konsultacje indywidualne - Dobra Komunikacja<\/title>\n<meta name=\"robots\" content=\"index, follow, max-snippet:-1, max-image-preview:large, max-video-preview:-1\" \/>\n<link rel=\"canonical\" href=\"https:\/\/dobrakomunikacja.com\/index.php\/konsultacje\/\" \/>\n<meta property=\"og:locale\" content=\"en_US\" \/>\n<meta property=\"og:type\" content=\"article\" \/>\n<meta property=\"og:title\" content=\"Konsultacje indywidualne - Dobra Komunikacja\" \/>\n<meta property=\"og:description\" content=\"\ud83d\udde3\ufe0f Twoja droga do skutecznej komunikacji Masz problem komunikacyjny? Trudny mail do napisania? Jeste\u015b skonfliktowany\/a i nie wiesz, jak sobie z tym poradzi\u0107? Zapraszam po narz\u0119dzia! Wierz\u0119, \u017ce g\u0142\u0119bokie zrozumienie [&hellip;]\" \/>\n<meta property=\"og:url\" content=\"https:\/\/dobrakomunikacja.com\/index.php\/konsultacje\/\" \/>\n<meta property=\"og:site_name\" content=\"Dobra Komunikacja\" \/>\n<meta property=\"article:modified_time\" content=\"2025-11-09T14:24:53+00:00\" \/>\n<meta property=\"og:image\" content=\"https:\/\/dobrakomunikacja.com\/wp-content\/uploads\/2025\/11\/O_2025_ASIA2_-135-scaled.jpg\" \/>\n\t<meta property=\"og:image:width\" content=\"2560\" \/>\n\t<meta property=\"og:image:height\" content=\"1709\" \/>\n\t<meta property=\"og:image:type\" content=\"image\/jpeg\" \/>\n<meta name=\"twitter:card\" content=\"summary_large_image\" \/>\n<meta name=\"twitter:label1\" content=\"Est. reading time\" \/>\n\t<meta name=\"twitter:data1\" content=\"3 minutes\" \/>\n<script type=\"application\/ld+json\" class=\"yoast-schema-graph\">{\"@context\":\"https:\/\/schema.org\",\"@graph\":[{\"@type\":\"WebPage\",\"@id\":\"https:\/\/dobrakomunikacja.com\/index.php\/konsultacje\/\",\"url\":\"https:\/\/dobrakomunikacja.com\/index.php\/konsultacje\/\",\"name\":\"Konsultacje indywidualne - Dobra Komunikacja\",\"isPartOf\":{\"@id\":\"https:\/\/dobrakomunikacja.com\/#website\"},\"primaryImageOfPage\":{\"@id\":\"https:\/\/dobrakomunikacja.com\/index.php\/konsultacje\/#primaryimage\"},\"image\":{\"@id\":\"https:\/\/dobrakomunikacja.com\/index.php\/konsultacje\/#primaryimage\"},\"thumbnailUrl\":\"https:\/\/dobrakomunikacja.com\/wp-content\/uploads\/2025\/11\/O_2025_ASIA2_-135-1024x684.jpg\",\"datePublished\":\"2025-03-31T16:06:34+00:00\",\"dateModified\":\"2025-11-09T14:24:53+00:00\",\"breadcrumb\":{\"@id\":\"https:\/\/dobrakomunikacja.com\/index.php\/konsultacje\/#breadcrumb\"},\"inLanguage\":\"en-US\",\"potentialAction\":[{\"@type\":\"ReadAction\",\"target\":[\"https:\/\/dobrakomunikacja.com\/index.php\/konsultacje\/\"]}]},{\"@type\":\"ImageObject\",\"inLanguage\":\"en-US\",\"@id\":\"https:\/\/dobrakomunikacja.com\/index.php\/konsultacje\/#primaryimage\",\"url\":\"https:\/\/dobrakomunikacja.com\/wp-content\/uploads\/2025\/11\/O_2025_ASIA2_-135-scaled.jpg\",\"contentUrl\":\"https:\/\/dobrakomunikacja.com\/wp-content\/uploads\/2025\/11\/O_2025_ASIA2_-135-scaled.jpg\",\"width\":2560,\"height\":1709},{\"@type\":\"BreadcrumbList\",\"@id\":\"https:\/\/dobrakomunikacja.com\/index.php\/konsultacje\/#breadcrumb\",\"itemListElement\":[{\"@type\":\"ListItem\",\"position\":1,\"name\":\"Strona g\u0142\u00f3wna\",\"item\":\"https:\/\/dobrakomunikacja.com\/\"},{\"@type\":\"ListItem\",\"position\":2,\"name\":\"Konsultacje indywidualne\"}]},{\"@type\":\"WebSite\",\"@id\":\"https:\/\/dobrakomunikacja.com\/#website\",\"url\":\"https:\/\/dobrakomunikacja.com\/\",\"name\":\"Dobra Komunikacja\",\"description\":\"\",\"potentialAction\":[{\"@type\":\"SearchAction\",\"target\":{\"@type\":\"EntryPoint\",\"urlTemplate\":\"https:\/\/dobrakomunikacja.com\/?s={search_term_string}\"},\"query-input\":{\"@type\":\"PropertyValueSpecification\",\"valueRequired\":true,\"valueName\":\"search_term_string\"}}],\"inLanguage\":\"en-US\"}]}<\/script>\n<!-- \/ Yoast SEO plugin. -->","yoast_head_json":{"title":"Konsultacje indywidualne - Dobra Komunikacja","robots":{"index":"index","follow":"follow","max-snippet":"max-snippet:-1","max-image-preview":"max-image-preview:large","max-video-preview":"max-video-preview:-1"},"canonical":"https:\/\/dobrakomunikacja.com\/index.php\/konsultacje\/","og_locale":"en_US","og_type":"article","og_title":"Konsultacje indywidualne - Dobra Komunikacja","og_description":"\ud83d\udde3\ufe0f Twoja droga do skutecznej komunikacji Masz problem komunikacyjny? Trudny mail do napisania? Jeste\u015b skonfliktowany\/a i nie wiesz, jak sobie z tym poradzi\u0107? Zapraszam po narz\u0119dzia! Wierz\u0119, \u017ce g\u0142\u0119bokie zrozumienie [&hellip;]","og_url":"https:\/\/dobrakomunikacja.com\/index.php\/konsultacje\/","og_site_name":"Dobra Komunikacja","article_modified_time":"2025-11-09T14:24:53+00:00","og_image":[{"width":2560,"height":1709,"url":"https:\/\/dobrakomunikacja.com\/wp-content\/uploads\/2025\/11\/O_2025_ASIA2_-135-scaled.jpg","type":"image\/jpeg"}],"twitter_card":"summary_large_image","twitter_misc":{"Est. reading time":"3 minutes"},"schema":{"@context":"https:\/\/schema.org","@graph":[{"@type":"WebPage","@id":"https:\/\/dobrakomunikacja.com\/index.php\/konsultacje\/","url":"https:\/\/dobrakomunikacja.com\/index.php\/konsultacje\/","name":"Konsultacje indywidualne - Dobra Komunikacja","isPartOf":{"@id":"https:\/\/dobrakomunikacja.com\/#website"},"primaryImageOfPage":{"@id":"https:\/\/dobrakomunikacja.com\/index.php\/konsultacje\/#primaryimage"},"image":{"@id":"https:\/\/dobrakomunikacja.com\/index.php\/konsultacje\/#primaryimage"},"thumbnailUrl":"https:\/\/dobrakomunikacja.com\/wp-content\/uploads\/2025\/11\/O_2025_ASIA2_-135-1024x684.jpg","datePublished":"2025-03-31T16:06:34+00:00","dateModified":"2025-11-09T14:24:53+00:00","breadcrumb":{"@id":"https:\/\/dobrakomunikacja.com\/index.php\/konsultacje\/#breadcrumb"},"inLanguage":"en-US","potentialAction":[{"@type":"ReadAction","target":["https:\/\/dobrakomunikacja.com\/index.php\/konsultacje\/"]}]},{"@type":"ImageObject","inLanguage":"en-US","@id":"https:\/\/dobrakomunikacja.com\/index.php\/konsultacje\/#primaryimage","url":"https:\/\/dobrakomunikacja.com\/wp-content\/uploads\/2025\/11\/O_2025_ASIA2_-135-scaled.jpg","contentUrl":"https:\/\/dobrakomunikacja.com\/wp-content\/uploads\/2025\/11\/O_2025_ASIA2_-135-scaled.jpg","width":2560,"height":1709},{"@type":"BreadcrumbList","@id":"https:\/\/dobrakomunikacja.com\/index.php\/konsultacje\/#breadcrumb","itemListElement":[{"@type":"ListItem","position":1,"name":"Strona g\u0142\u00f3wna","item":"https:\/\/dobrakomunikacja.com\/"},{"@type":"ListItem","position":2,"name":"Konsultacje indywidualne"}]},{"@type":"WebSite","@id":"https:\/\/dobrakomunikacja.com\/#website","url":"https:\/\/dobrakomunikacja.com\/","name":"Dobra Komunikacja","description":"","potentialAction":[{"@type":"SearchAction","target":{"@type":"EntryPoint","urlTemplate":"https:\/\/dobrakomunikacja.com\/?s={search_term_string}"},"query-input":{"@type":"PropertyValueSpecification","valueRequired":true,"valueName":"search_term_string"}}],"inLanguage":"en-US"}]}},"_links":{"self":[{"href":"https:\/\/dobrakomunikacja.com\/index.php\/wp-json\/wp\/v2\/pages\/37","targetHints":{"allow":["GET"]}}],"collection":[{"href":"https:\/\/dobrakomunikacja.com\/index.php\/wp-json\/wp\/v2\/pages"}],"about":[{"href":"https:\/\/dobrakomunikacja.com\/index.php\/wp-json\/wp\/v2\/types\/page"}],"author":[{"embeddable":true,"href":"https:\/\/dobrakomunikacja.com\/index.php\/wp-json\/wp\/v2\/users\/1"}],"replies":[{"embeddable":true,"href":"https:\/\/dobrakomunikacja.com\/index.php\/wp-json\/wp\/v2\/comments?post=37"}],"version-history":[{"count":4,"href":"https:\/\/dobrakomunikacja.com\/index.php\/wp-json\/wp\/v2\/pages\/37\/revisions"}],"predecessor-version":[{"id":242,"href":"https:\/\/dobrakomunikacja.com\/index.php\/wp-json\/wp\/v2\/pages\/37\/revisions\/242"}],"wp:attachment":[{"href":"https:\/\/dobrakomunikacja.com\/index.php\/wp-json\/wp\/v2\/media?parent=37"}],"curies":[{"name":"wp","href":"https:\/\/api.w.org\/{rel}","templated":true}]}}